{"id":6302,"date":"2024-05-18T10:02:42","date_gmt":"2024-05-18T10:02:42","guid":{"rendered":"http:\/\/bookshine.ca\/zones-de-service\/"},"modified":"2025-06-05T14:52:50","modified_gmt":"2025-06-05T14:52:50","slug":"zones-de-service","status":"publish","type":"page","link":"https:\/\/bookshine.ca\/fr\/zones-de-service\/","title":{"rendered":"Zones de service"},"content":{"rendered":"\t\t<div data-elementor-type=\"wp-page\" data-elementor-id=\"6302\" class=\"elementor elementor-6302 elementor-1499\">\n\t\t\t\t\t\t<section class=\"elementor-section elementor-top-section elementor-element elementor-element-2f71e34 elementor-section-boxed elementor-section-height-default elementor-section-height-default\" data-id=\"2f71e34\" data-element_type=\"section\" data-e-type=\"section\" data-settings=\"{&quot;background_background&quot;:&quot;classic&quot;}\">\n\t\t\t\t\t\t\t<div class=\"elementor-background-overlay\"><\/div>\n\t\t\t\t\t\t\t<div class=\"elementor-container elementor-column-gap-default\">\n\t\t\t\t\t<div class=\"elementor-column elementor-col-100 elementor-top-column elementor-element elementor-element-cc2b8da\" data-id=\"cc2b8da\" data-element_type=\"column\" data-e-type=\"column\">\n\t\t\t<div class=\"elementor-widget-wrap elementor-element-populated\">\n\t\t\t\t\t\t<div class=\"elementor-element elementor-element-2eeeb98 elementor-hidden-desktop elementor-hidden-tablet elementor-hidden-mobile elementor-widget elementor-widget-heading\" data-id=\"2eeeb98\" data-element_type=\"widget\" data-e-type=\"widget\" data-widget_type=\"heading.default\">\n\t\t\t\t<div class=\"elementor-widget-container\">\n\t\t\t\t\t<h3 class=\"elementor-heading-title elementor-size-default\">Ne nettoyez plus jamais.<\/h3>\t\t\t\t<\/div>\n\t\t\t\t<\/div>\n\t\t\t\t<div class=\"elementor-element elementor-element-5cf0570 elementor-widget elementor-widget-heading\" data-id=\"5cf0570\" data-element_type=\"widget\" data-e-type=\"widget\" data-widget_type=\"heading.default\">\n\t\t\t\t<div class=\"elementor-widget-container\">\n\t\t\t\t\t<h1 class=\"elementor-heading-title elementor-size-default\">Zones de service<\/h1>\t\t\t\t<\/div>\n\t\t\t\t<\/div>\n\t\t\t\t<section class=\"elementor-section elementor-inner-section elementor-element elementor-element-6943477 elementor-hidden-mobile elementor-section-boxed elementor-section-height-default elementor-section-height-default\" data-id=\"6943477\" data-element_type=\"section\" data-e-type=\"section\">\n\t\t\t\t\t\t<div class=\"elementor-container elementor-column-gap-default\">\n\t\t\t\t\t<div class=\"elementor-column elementor-col-100 elementor-inner-column elementor-element elementor-element-829f527\" data-id=\"829f527\" data-element_type=\"column\" data-e-type=\"column\">\n\t\t\t<div class=\"elementor-widget-wrap elementor-element-populated\">\n\t\t\t\t\t\t<div class=\"elementor-element elementor-element-a2ea9a9 elementor-widget__width-auto elementor-widget-mobile__width-auto elementor-widget elementor-widget-tp-button\" data-id=\"a2ea9a9\" data-element_type=\"widget\" data-e-type=\"widget\" data-widget_type=\"tp-button.default\">\n\t\t\t\t<div class=\"elementor-widget-container\">\n\t\t\t\t\t<div class=\"pt-plus-button-wrapper   text-center text--tabletright text--mobilecenter   \"><div class=\"button_parallax   \" ><div id=\"button69d8e02074af3\"  class=\" text-center text--tabletright text--mobilecenter ts-button content_hover_effect   \" ><div class=\"pt_plus_button btn69d8e020747a1 button-style-4   \"  ><div class=\"animted-content-inner \"><a href=\"http:\/\/bookshine.ca\/get-a-quote\/\" class=\"button-link-wrap \" role=\"button\" data-hover=\"Obtenir un devis gratuit\"  >Obtenir un devis gratuit<\/a><\/div><\/div><\/div><\/div><\/div>\t\t\t\t<\/div>\n\t\t\t\t<\/div>\n\t\t\t\t<div class=\"elementor-element elementor-element-2dedc81 elementor-widget__width-auto elementor-widget-mobile__width-auto elementor-widget elementor-widget-tp-button\" data-id=\"2dedc81\" data-element_type=\"widget\" data-e-type=\"widget\" data-widget_type=\"tp-button.default\">\n\t\t\t\t<div class=\"elementor-widget-container\">\n\t\t\t\t\t<div class=\"pt-plus-button-wrapper   text- text--mobilecenter   \"><div class=\"button_parallax   \" ><div id=\"button69d8e0207530b\"  class=\" text- text--mobilecenter ts-button content_hover_effect   \" ><div class=\"pt_plus_button btn69d8e02075096 button-style-4   \"  ><div class=\"animted-content-inner \"><a href=\"\" class=\"button-link-wrap \" role=\"button\" data-hover=\"438-806-0628\"  >438-806-0628<\/a><\/div><\/div><\/div><\/div><\/div>\t\t\t\t<\/div>\n\t\t\t\t<\/div>\n\t\t\t\t\t<\/div>\n\t\t<\/div>\n\t\t\t\t\t<\/div>\n\t\t<\/section>\n\t\t\t\t<section class=\"elementor-section elementor-inner-section elementor-element elementor-element-627838d elementor-hidden-desktop elementor-hidden-tablet elementor-section-boxed elementor-section-height-default elementor-section-height-default\" data-id=\"627838d\" data-element_type=\"section\" data-e-type=\"section\">\n\t\t\t\t\t\t<div class=\"elementor-container elementor-column-gap-default\">\n\t\t\t\t\t<div class=\"elementor-column elementor-col-33 elementor-inner-column elementor-element elementor-element-9672bc7\" data-id=\"9672bc7\" data-element_type=\"column\" data-e-type=\"column\">\n\t\t\t<div class=\"elementor-widget-wrap elementor-element-populated\">\n\t\t\t\t\t\t<div class=\"elementor-element elementor-element-9e196b6 elementor-widget__width-auto elementor-widget-mobile__width-initial e-transform elementor-widget elementor-widget-tp-button\" data-id=\"9e196b6\" data-element_type=\"widget\" data-e-type=\"widget\" data-settings=\"{&quot;_transform_scale_effect_hover_mobile&quot;:{&quot;unit&quot;:&quot;px&quot;,&quot;size&quot;:1.05,&quot;sizes&quot;:[]},&quot;_transform_scale_effect_hover&quot;:{&quot;unit&quot;:&quot;px&quot;,&quot;size&quot;:&quot;&quot;,&quot;sizes&quot;:[]},&quot;_transform_scale_effect_hover_tablet&quot;:{&quot;unit&quot;:&quot;px&quot;,&quot;size&quot;:&quot;&quot;,&quot;sizes&quot;:[]}}\" data-widget_type=\"tp-button.default\">\n\t\t\t\t<div class=\"elementor-widget-container\">\n\t\t\t\t\t<div class=\"pt-plus-button-wrapper   text-center text--tabletright text--mobilecenter   \"><div class=\"button_parallax    full-button \" ><div id=\"button69d8e02075a94\"  class=\" text-center text--tabletright text--mobilecenter ts-button content_hover_effect   full-button  \" ><div class=\"pt_plus_button btn69d8e02075801 button-style-4  full-button   \"  ><div class=\"animted-content-inner \"><a href=\"http:\/\/bookshine.ca\/get-a-quote\/\" class=\"button-link-wrap \" role=\"button\" data-hover=\"Obtenir un devis gratuit\"  >Obtenir un devis gratuit<\/a><\/div><\/div><\/div><\/div><\/div>\t\t\t\t<\/div>\n\t\t\t\t<\/div>\n\t\t\t\t\t<\/div>\n\t\t<\/div>\n\t\t\t\t<div class=\"elementor-column elementor-col-33 elementor-inner-column elementor-element elementor-element-4960e2e\" data-id=\"4960e2e\" data-element_type=\"column\" data-e-type=\"column\">\n\t\t\t<div class=\"elementor-widget-wrap elementor-element-populated\">\n\t\t\t\t\t\t<div class=\"elementor-element elementor-element-f959e3f elementor-widget__width-auto elementor-widget-mobile__width-initial e-transform elementor-widget elementor-widget-tp-button\" data-id=\"f959e3f\" data-element_type=\"widget\" data-e-type=\"widget\" data-settings=\"{&quot;_transform_scale_effect_hover_mobile&quot;:{&quot;unit&quot;:&quot;px&quot;,&quot;size&quot;:1.05,&quot;sizes&quot;:[]},&quot;_transform_scale_effect_hover&quot;:{&quot;unit&quot;:&quot;px&quot;,&quot;size&quot;:&quot;&quot;,&quot;sizes&quot;:[]},&quot;_transform_scale_effect_hover_tablet&quot;:{&quot;unit&quot;:&quot;px&quot;,&quot;size&quot;:&quot;&quot;,&quot;sizes&quot;:[]}}\" data-widget_type=\"tp-button.default\">\n\t\t\t\t<div class=\"elementor-widget-container\">\n\t\t\t\t\t<div class=\"pt-plus-button-wrapper   text- text--mobilecenter   \"><div class=\"button_parallax    full-button \" ><div id=\"button69d8e02076195\"  class=\" text- text--mobilecenter ts-button content_hover_effect   full-button  \" ><div class=\"pt_plus_button btn69d8e02075f4f button-style-4  full-button   \"  ><div class=\"animted-content-inner \"><a href=\"\" class=\"button-link-wrap \" role=\"button\" data-hover=\"438-806-0628\"  >438-806-0628<\/a><\/div><\/div><\/div><\/div><\/div>\t\t\t\t<\/div>\n\t\t\t\t<\/div>\n\t\t\t\t\t<\/div>\n\t\t<\/div>\n\t\t\t\t<div class=\"elementor-column elementor-col-33 elementor-inner-column elementor-element elementor-element-5b8ac46\" data-id=\"5b8ac46\" data-element_type=\"column\" data-e-type=\"column\">\n\t\t\t<div class=\"elementor-widget-wrap elementor-element-populated\">\n\t\t\t\t\t\t<div class=\"elementor-element elementor-element-614d177 elementor-widget-mobile__width-auto e-transform elementor-hidden-mobile elementor-icon-list--layout-traditional elementor-list-item-link-full_width elementor-invisible elementor-widget elementor-widget-icon-list\" data-id=\"614d177\" data-element_type=\"widget\" data-e-type=\"widget\" data-settings=\"{&quot;_animation&quot;:&quot;slideInDown&quot;,&quot;_animation_mobile&quot;:&quot;slideInDown&quot;,&quot;_animation_delay&quot;:3000,&quot;_transform_translateY_effect_hover_mobile&quot;:{&quot;unit&quot;:&quot;px&quot;,&quot;size&quot;:20,&quot;sizes&quot;:[]},&quot;_transform_translateX_effect_hover&quot;:{&quot;unit&quot;:&quot;px&quot;,&quot;size&quot;:&quot;&quot;,&quot;sizes&quot;:[]},&quot;_transform_translateX_effect_hover_tablet&quot;:{&quot;unit&quot;:&quot;px&quot;,&quot;size&quot;:&quot;&quot;,&quot;sizes&quot;:[]},&quot;_transform_translateX_effect_hover_mobile&quot;:{&quot;unit&quot;:&quot;px&quot;,&quot;size&quot;:&quot;&quot;,&quot;sizes&quot;:[]},&quot;_transform_translateY_effect_hover&quot;:{&quot;unit&quot;:&quot;px&quot;,&quot;size&quot;:&quot;&quot;,&quot;sizes&quot;:[]},&quot;_transform_translateY_effect_hover_tablet&quot;:{&quot;unit&quot;:&quot;px&quot;,&quot;size&quot;:&quot;&quot;,&quot;sizes&quot;:[]}}\" data-widget_type=\"icon-list.default\">\n\t\t\t\t<div class=\"elementor-widget-container\">\n\t\t\t\t\t\t\t<ul class=\"elementor-icon-list-items\">\n\t\t\t\t\t\t\t<li class=\"elementor-icon-list-item\">\n\t\t\t\t\t\t\t\t\t\t\t<span class=\"elementor-icon-list-icon\">\n\t\t\t\t\t\t\t<svg aria-hidden=\"true\" class=\"e-font-icon-svg e-fas-chevron-down\" viewBox=\"0 0 448 512\" xmlns=\"http:\/\/www.w3.org\/2000\/svg\"><path d=\"M207.029 381.476L12.686 187.132c-9.373-9.373-9.373-24.569 0-33.941l22.667-22.667c9.357-9.357 24.522-9.375 33.901-.04L224 284.505l154.745-154.021c9.379-9.335 24.544-9.317 33.901.04l22.667 22.667c9.373 9.373 9.373 24.569 0 33.941L240.971 381.476c-9.373 9.372-24.569 9.372-33.942 0z\"><\/path><\/svg>\t\t\t\t\t\t<\/span>\n\t\t\t\t\t\t\t\t\t\t<span class=\"elementor-icon-list-text\"><\/span>\n\t\t\t\t\t\t\t\t\t<\/li>\n\t\t\t\t\t\t<\/ul>\n\t\t\t\t\t\t<\/div>\n\t\t\t\t<\/div>\n\t\t\t\t\t<\/div>\n\t\t<\/div>\n\t\t\t\t\t<\/div>\n\t\t<\/section>\n\t\t\t\t\t<\/div>\n\t\t<\/div>\n\t\t\t\t\t<\/div>\n\t\t<\/section>\n\t\t\t\t<section class=\"elementor-section elementor-top-section elementor-element elementor-element-0201465 elementor-section-boxed elementor-section-height-default elementor-section-height-default\" data-id=\"0201465\" data-element_type=\"section\" data-e-type=\"section\">\n\t\t\t\t\t\t<div class=\"elementor-container elementor-column-gap-default\">\n\t\t\t\t\t<div class=\"elementor-column elementor-col-50 elementor-top-column elementor-element elementor-element-9ee4221 elementor-hidden-tablet elementor-hidden-mobile\" data-id=\"9ee4221\" data-element_type=\"column\" data-e-type=\"column\">\n\t\t\t<div class=\"elementor-widget-wrap elementor-element-populated\">\n\t\t\t\t\t\t<div class=\"elementor-element elementor-element-1c708ed elementor-widget__width-inherit elementor-widget-mobile__width-inherit elementor-invisible elementor-widget elementor-widget-text-editor\" data-id=\"1c708ed\" data-element_type=\"widget\" data-e-type=\"widget\" data-settings=\"{&quot;_animation&quot;:&quot;zoomInDown&quot;,&quot;_animation_delay&quot;:600,&quot;_animation_mobile&quot;:&quot;fadeInUp&quot;}\" data-widget_type=\"text-editor.default\">\n\t\t\t\t<div class=\"elementor-widget-container\">\n\t\t\t\t\t\t\t\t\t<p>Nous avons commenc\u00e9 par fournir des services de nettoyage \u00e0 domicile \u00e0 NDG et dans les banlieues avoisinantes. Nos clients fid\u00e8les et heureux ont pass\u00e9 le mot et nous fournissons maintenant des services de nettoyage \u00e0 domicile partout \u00e0 Montr\u00e9al.<\/p>\t\t\t\t\t\t\t\t<\/div>\n\t\t\t\t<\/div>\n\t\t\t\t\t<\/div>\n\t\t<\/div>\n\t\t\t\t<div class=\"elementor-column elementor-col-50 elementor-top-column elementor-element elementor-element-ff0d12c\" data-id=\"ff0d12c\" data-element_type=\"column\" data-e-type=\"column\">\n\t\t\t<div class=\"elementor-widget-wrap elementor-element-populated\">\n\t\t\t\t\t\t<div class=\"elementor-element elementor-element-8f200d9 elementor-widget__width-initial elementor-widget-mobile__width-inherit elementor-widget elementor-widget-google_maps\" data-id=\"8f200d9\" data-element_type=\"widget\" data-e-type=\"widget\" data-widget_type=\"google_maps.default\">\n\t\t\t\t<div class=\"elementor-widget-container\">\n\t\t\t\t\t\t\t<div class=\"elementor-custom-embed\">\n\t\t\t<iframe class=\"lazyload\" loading=\"lazy\"\n\t\t\t\t\tsrc=\"https:\/\/maps.google.com\/maps?q=Montreal&#038;t=m&#038;z=10&#038;output=embed&#038;iwloc=near\"\n\t\t\t\t\ttitle=\"Montreal\"\n\t\t\t\t\taria-label=\"Montreal\"\n\t\t\t><\/iframe>\n\t\t<\/div>\n\t\t\t\t\t\t<\/div>\n\t\t\t\t<\/div>\n\t\t\t\t\t<\/div>\n\t\t<\/div>\n\t\t\t\t\t<\/div>\n\t\t<\/section>\n\t\t\t\t<section class=\"elementor-section elementor-top-section elementor-element elementor-element-cc1a3d9 elementor-hidden-desktop elementor-hidden-tablet elementor-section-boxed elementor-section-height-default elementor-section-height-default\" data-id=\"cc1a3d9\" data-element_type=\"section\" data-e-type=\"section\">\n\t\t\t\t\t\t<div class=\"elementor-container elementor-column-gap-default\">\n\t\t\t\t\t<div class=\"elementor-column elementor-col-100 elementor-top-column elementor-element elementor-element-1f16c19\" data-id=\"1f16c19\" data-element_type=\"column\" data-e-type=\"column\">\n\t\t\t<div class=\"elementor-widget-wrap elementor-element-populated\">\n\t\t\t\t\t\t<div class=\"elementor-element elementor-element-a16226e elementor-widget__width-initial elementor-widget-mobile__width-inherit elementor-invisible elementor-widget elementor-widget-text-editor\" data-id=\"a16226e\" data-element_type=\"widget\" data-e-type=\"widget\" data-settings=\"{&quot;_animation&quot;:&quot;zoomInDown&quot;,&quot;_animation_delay&quot;:600,&quot;_animation_mobile&quot;:&quot;fadeInUp&quot;}\" data-widget_type=\"text-editor.default\">\n\t\t\t\t<div class=\"elementor-widget-container\">\n\t\t\t\t\t\t\t\t\t<p>Nous avons commenc\u00e9 par fournir des services de nettoyage \u00e0 domicile \u00e0 NDG et dans les banlieues avoisinantes.<br \/>\nNos clients fid\u00e8les et heureux ont pass\u00e9 le mot et nous fournissons maintenant des services de nettoyage \u00e0 domicile partout \u00e0 Montr\u00e9al. <\/p>\n\t\t\t\t\t\t\t\t<\/div>\n\t\t\t\t<\/div>\n\t\t\t\t\t<\/div>\n\t\t<\/div>\n\t\t\t\t\t<\/div>\n\t\t<\/section>\n\t\t\t\t<\/div>\n\t\t","protected":false},"excerpt":{"rendered":"<p>Ne nettoyez plus jamais. Zones de service Obtenir un devis gratuit 438-806-0628 Obtenir un devis gratuit 438-806-0628 Nous avons commenc\u00e9 [&hellip;]<\/p>\n","protected":false},"author":1,"featured_media":0,"parent":0,"menu_order":0,"comment_status":"closed","ping_status":"closed","template":"","meta":{"site-sidebar-layout":"no-sidebar","site-content-layout":"","ast-site-content-layout":"full-width-container","site-content-style":"default","site-sidebar-style":"default","ast-global-header-display":"","ast-banner-title-visibility":"","ast-main-header-display":"","ast-hfb-above-header-display":"","ast-hfb-below-header-display":"","ast-hfb-mobile-header-display":"","site-post-title":"disabled","ast-breadcrumbs-content":"","ast-featured-img":"disabled","footer-sml-layout":"","ast-disable-related-posts":"","theme-transparent-header-meta":"","adv-header-id-meta":"","stick-header-meta":"","header-above-stick-meta":"","header-main-stick-meta":"","header-below-stick-meta":"","astra-migrate-meta-layouts":"default","ast-page-background-enabled":"default","ast-page-background-meta":{"desktop":{"background-color":"var(--ast-global-color-4)","background-image":"","background-repeat":"repeat","background-position":"center center","background-size":"auto","background-attachment":"scroll","background-type":"","background-media":"","overlay-type":"","overlay-color":"","overlay-opacity":"","overlay-gradient":""},"tablet":{"background-color":"","background-image":"","background-repeat":"repeat","background-position":"center center","background-size":"auto","background-attachment":"scroll","background-type":"","background-media":"","overlay-type":"","overlay-color":"","overlay-opacity":"","overlay-gradient":""},"mobile":{"background-color":"","background-image":"","background-repeat":"repeat","background-position":"center center","background-size":"auto","background-attachment":"scroll","background-type":"","background-media":"","overlay-type":"","overlay-color":"","overlay-opacity":"","overlay-gradient":""}},"ast-content-background-meta":{"desktop":{"background-color":"var(--ast-global-color-5)","background-image":"","background-repeat":"repeat","background-position":"center center","background-size":"auto","background-attachment":"scroll","background-type":"","background-media":"","overlay-type":"","overlay-color":"","overlay-opacity":"","overlay-gradient":""},"tablet":{"background-color":"var(--ast-global-color-5)","background-image":"","background-repeat":"repeat","background-position":"center center","background-size":"auto","background-attachment":"scroll","background-type":"","background-media":"","overlay-type":"","overlay-color":"","overlay-opacity":"","overlay-gradient":""},"mobile":{"background-color":"var(--ast-global-color-5)","background-image":"","background-repeat":"repeat","background-position":"center center","background-size":"auto","background-attachment":"scroll","background-type":"","background-media":"","overlay-type":"","overlay-color":"","overlay-opacity":"","overlay-gradient":""}},"footnotes":""},"class_list":["post-6302","page","type-page","status-publish","hentry"],"yoast_head":"<!-- This site is optimized with the Yoast SEO plugin v27.3 - https:\/\/yoast.com\/product\/yoast-seo-wordpress\/ -->\n<title>Domaines de service | Shine Cleaning | Services de nettoyage \u00e0 domicile Montr\u00e9al<\/title>\n<meta name=\"description\" content=\"Shine Cleaning a commenc\u00e9 \u00e0 NDG et a pris de l&#039;expansion pour servir tout Montr\u00e9al. Nos clients satisfaits nous ont aid\u00e9s \u00e0 grandir ! D\u00e9couvrez nos services de nettoyage \u00e0 domicile dans toute la ville.\" \/>\n<meta name=\"robots\" content=\"index, follow, max-snippet:-1, max-image-preview:large, max-video-preview:-1\" \/>\n<link rel=\"canonical\" href=\"https:\/\/bookshine.ca\/fr\/zones-de-service\/\" \/>\n<meta property=\"og:locale\" content=\"fr_FR\" \/>\n<meta property=\"og:type\" content=\"article\" \/>\n<meta property=\"og:title\" content=\"Domaines de service | Shine Cleaning | Services de nettoyage \u00e0 domicile Montr\u00e9al\" \/>\n<meta property=\"og:description\" content=\"Shine Cleaning a commenc\u00e9 \u00e0 NDG et a pris de l&#039;expansion pour servir tout Montr\u00e9al. Nos clients satisfaits nous ont aid\u00e9s \u00e0 grandir ! D\u00e9couvrez nos services de nettoyage \u00e0 domicile dans toute la ville.\" \/>\n<meta property=\"og:url\" content=\"https:\/\/bookshine.ca\/fr\/zones-de-service\/\" \/>\n<meta property=\"og:site_name\" content=\"Shine Cleaning\" \/>\n<meta property=\"article:publisher\" content=\"https:\/\/www.facebook.com\/shinecleaningmtl\/\" \/>\n<meta property=\"article:modified_time\" content=\"2025-06-05T14:52:50+00:00\" \/>\n<meta name=\"twitter:card\" content=\"summary_large_image\" \/>\n<meta name=\"twitter:label1\" content=\"Dur\u00e9e de lecture estim\u00e9e\" \/>\n\t<meta name=\"twitter:data1\" content=\"1 minute\" \/>\n<script type=\"application\/ld+json\" class=\"yoast-schema-graph\">{\"@context\":\"https:\\\/\\\/schema.org\",\"@graph\":[{\"@type\":\"WebPage\",\"@id\":\"https:\\\/\\\/bookshine.ca\\\/fr\\\/zones-de-service\\\/\",\"url\":\"https:\\\/\\\/bookshine.ca\\\/fr\\\/zones-de-service\\\/\",\"name\":\"Domaines de service | Shine Cleaning | Services de nettoyage \u00e0 domicile Montr\u00e9al\",\"isPartOf\":{\"@id\":\"https:\\\/\\\/bookshine.ca\\\/fr\\\/#website\"},\"datePublished\":\"2024-05-18T10:02:42+00:00\",\"dateModified\":\"2025-06-05T14:52:50+00:00\",\"description\":\"Shine Cleaning a commenc\u00e9 \u00e0 NDG et a pris de l'expansion pour servir tout Montr\u00e9al. Nos clients satisfaits nous ont aid\u00e9s \u00e0 grandir ! D\u00e9couvrez nos services de nettoyage \u00e0 domicile dans toute la ville.\",\"breadcrumb\":{\"@id\":\"https:\\\/\\\/bookshine.ca\\\/fr\\\/zones-de-service\\\/#breadcrumb\"},\"inLanguage\":\"fr-FR\",\"potentialAction\":[{\"@type\":\"ReadAction\",\"target\":[\"https:\\\/\\\/bookshine.ca\\\/fr\\\/zones-de-service\\\/\"]}]},{\"@type\":\"BreadcrumbList\",\"@id\":\"https:\\\/\\\/bookshine.ca\\\/fr\\\/zones-de-service\\\/#breadcrumb\",\"itemListElement\":[{\"@type\":\"ListItem\",\"position\":1,\"name\":\"Home\",\"item\":\"https:\\\/\\\/bookshine.ca\\\/fr\\\/\"},{\"@type\":\"ListItem\",\"position\":2,\"name\":\"Zones de service\"}]},{\"@type\":\"WebSite\",\"@id\":\"https:\\\/\\\/bookshine.ca\\\/fr\\\/#website\",\"url\":\"https:\\\/\\\/bookshine.ca\\\/fr\\\/\",\"name\":\"Shine\",\"description\":\"\",\"potentialAction\":[{\"@type\":\"SearchAction\",\"target\":{\"@type\":\"EntryPoint\",\"urlTemplate\":\"https:\\\/\\\/bookshine.ca\\\/fr\\\/?s={search_term_string}\"},\"query-input\":{\"@type\":\"PropertyValueSpecification\",\"valueRequired\":true,\"valueName\":\"search_term_string\"}}],\"inLanguage\":\"fr-FR\"}]}<\/script>\n<!-- \/ Yoast SEO plugin. -->","yoast_head_json":{"title":"Domaines de service | Shine Cleaning | Services de nettoyage \u00e0 domicile Montr\u00e9al","description":"Shine Cleaning a commenc\u00e9 \u00e0 NDG et a pris de l'expansion pour servir tout Montr\u00e9al. Nos clients satisfaits nous ont aid\u00e9s \u00e0 grandir ! D\u00e9couvrez nos services de nettoyage \u00e0 domicile dans toute la ville.","robots":{"index":"index","follow":"follow","max-snippet":"max-snippet:-1","max-image-preview":"max-image-preview:large","max-video-preview":"max-video-preview:-1"},"canonical":"https:\/\/bookshine.ca\/fr\/zones-de-service\/","og_locale":"fr_FR","og_type":"article","og_title":"Domaines de service | Shine Cleaning | Services de nettoyage \u00e0 domicile Montr\u00e9al","og_description":"Shine Cleaning a commenc\u00e9 \u00e0 NDG et a pris de l'expansion pour servir tout Montr\u00e9al. Nos clients satisfaits nous ont aid\u00e9s \u00e0 grandir ! D\u00e9couvrez nos services de nettoyage \u00e0 domicile dans toute la ville.","og_url":"https:\/\/bookshine.ca\/fr\/zones-de-service\/","og_site_name":"Shine Cleaning","article_publisher":"https:\/\/www.facebook.com\/shinecleaningmtl\/","article_modified_time":"2025-06-05T14:52:50+00:00","twitter_card":"summary_large_image","twitter_misc":{"Dur\u00e9e de lecture estim\u00e9e":"1 minute"},"schema":{"@context":"https:\/\/schema.org","@graph":[{"@type":"WebPage","@id":"https:\/\/bookshine.ca\/fr\/zones-de-service\/","url":"https:\/\/bookshine.ca\/fr\/zones-de-service\/","name":"Domaines de service | Shine Cleaning | Services de nettoyage \u00e0 domicile Montr\u00e9al","isPartOf":{"@id":"https:\/\/bookshine.ca\/fr\/#website"},"datePublished":"2024-05-18T10:02:42+00:00","dateModified":"2025-06-05T14:52:50+00:00","description":"Shine Cleaning a commenc\u00e9 \u00e0 NDG et a pris de l'expansion pour servir tout Montr\u00e9al. Nos clients satisfaits nous ont aid\u00e9s \u00e0 grandir ! D\u00e9couvrez nos services de nettoyage \u00e0 domicile dans toute la ville.","breadcrumb":{"@id":"https:\/\/bookshine.ca\/fr\/zones-de-service\/#breadcrumb"},"inLanguage":"fr-FR","potentialAction":[{"@type":"ReadAction","target":["https:\/\/bookshine.ca\/fr\/zones-de-service\/"]}]},{"@type":"BreadcrumbList","@id":"https:\/\/bookshine.ca\/fr\/zones-de-service\/#breadcrumb","itemListElement":[{"@type":"ListItem","position":1,"name":"Home","item":"https:\/\/bookshine.ca\/fr\/"},{"@type":"ListItem","position":2,"name":"Zones de service"}]},{"@type":"WebSite","@id":"https:\/\/bookshine.ca\/fr\/#website","url":"https:\/\/bookshine.ca\/fr\/","name":"Shine","description":"","potentialAction":[{"@type":"SearchAction","target":{"@type":"EntryPoint","urlTemplate":"https:\/\/bookshine.ca\/fr\/?s={search_term_string}"},"query-input":{"@type":"PropertyValueSpecification","valueRequired":true,"valueName":"search_term_string"}}],"inLanguage":"fr-FR"}]}},"_links":{"self":[{"href":"https:\/\/bookshine.ca\/fr\/wp-json\/wp\/v2\/pages\/6302","targetHints":{"allow":["GET"]}}],"collection":[{"href":"https:\/\/bookshine.ca\/fr\/wp-json\/wp\/v2\/pages"}],"about":[{"href":"https:\/\/bookshine.ca\/fr\/wp-json\/wp\/v2\/types\/page"}],"author":[{"embeddable":true,"href":"https:\/\/bookshine.ca\/fr\/wp-json\/wp\/v2\/users\/1"}],"replies":[{"embeddable":true,"href":"https:\/\/bookshine.ca\/fr\/wp-json\/wp\/v2\/comments?post=6302"}],"version-history":[{"count":9,"href":"https:\/\/bookshine.ca\/fr\/wp-json\/wp\/v2\/pages\/6302\/revisions"}],"predecessor-version":[{"id":7336,"href":"https:\/\/bookshine.ca\/fr\/wp-json\/wp\/v2\/pages\/6302\/revisions\/7336"}],"wp:attachment":[{"href":"https:\/\/bookshine.ca\/fr\/wp-json\/wp\/v2\/media?parent=6302"}],"curies":[{"name":"wp","href":"https:\/\/api.w.org\/{rel}","templated":true}]}}