{"id":6282,"date":"2024-05-17T12:32:16","date_gmt":"2024-05-17T12:32:16","guid":{"rendered":"http:\/\/bookshine.ca\/sinscrire\/"},"modified":"2025-06-04T16:48:42","modified_gmt":"2025-06-04T16:48:42","slug":"sinscrire","status":"publish","type":"page","link":"https:\/\/bookshine.ca\/fr\/sinscrire\/","title":{"rendered":"S&rsquo;inscrire"},"content":{"rendered":"\t\t<div data-elementor-type=\"wp-page\" data-elementor-id=\"6282\" class=\"elementor elementor-6282 elementor-1443\">\n\t\t\t\t\t\t<section class=\"elementor-section elementor-top-section elementor-element elementor-element-f084165 elementor-section-boxed elementor-section-height-default elementor-section-height-default\" data-id=\"f084165\" data-element_type=\"section\" data-e-type=\"section\">\n\t\t\t\t\t\t<div class=\"elementor-container elementor-column-gap-default\">\n\t\t\t\t\t<div class=\"elementor-column elementor-col-100 elementor-top-column elementor-element elementor-element-35c64e9\" data-id=\"35c64e9\" data-element_type=\"column\" data-e-type=\"column\">\n\t\t\t<div class=\"elementor-widget-wrap elementor-element-populated\">\n\t\t\t\t\t\t<div class=\"elementor-element elementor-element-40dea44 elementor-widget elementor-widget-html\" data-id=\"40dea44\" data-element_type=\"widget\" data-e-type=\"widget\" data-widget_type=\"html.default\">\n\t\t\t\t<div class=\"elementor-widget-container\">\n\t\t\t\t\t<iframe class=\"lazyload\" data-src=\"https:\/\/shinecleaning.bookingkoala.com\/signup?embed=true\" style=\"border:none;height:800px;\" width=\"100%\" scrolling=\"no\"><\/iframe><script src=\"https:\/\/shinecleaning.bookingkoala.com\/resources\/embed.js\" defer><\/script>\t\t\t\t<\/div>\n\t\t\t\t<\/div>\n\t\t\t\t\t<\/div>\n\t\t<\/div>\n\t\t\t\t\t<\/div>\n\t\t<\/section>\n\t\t\t\t<\/div>\n\t\t","protected":false},"excerpt":{"rendered":"","protected":false},"author":1,"featured_media":0,"parent":0,"menu_order":0,"comment_status":"closed","ping_status":"closed","template":"","meta":{"site-sidebar-layout":"no-sidebar","site-content-layout":"","ast-site-content-layout":"full-width-container","site-content-style":"default","site-sidebar-style":"default","ast-global-header-display":"","ast-banner-title-visibility":"","ast-main-header-display":"","ast-hfb-above-header-display":"","ast-hfb-below-header-display":"","ast-hfb-mobile-header-display":"","site-post-title":"disabled","ast-breadcrumbs-content":"","ast-featured-img":"disabled","footer-sml-layout":"","ast-disable-related-posts":"","theme-transparent-header-meta":"","adv-header-id-meta":"","stick-header-meta":"","header-above-stick-meta":"","header-main-stick-meta":"","header-below-stick-meta":"","astra-migrate-meta-layouts":"default","ast-page-background-enabled":"default","ast-page-background-meta":{"desktop":{"background-color":"var(--ast-global-color-4)","background-image":"","background-repeat":"repeat","background-position":"center center","background-size":"auto","background-attachment":"scroll","background-type":"","background-media":"","overlay-type":"","overlay-color":"","overlay-opacity":"","overlay-gradient":""},"tablet":{"background-color":"","background-image":"","background-repeat":"repeat","background-position":"center center","background-size":"auto","background-attachment":"scroll","background-type":"","background-media":"","overlay-type":"","overlay-color":"","overlay-opacity":"","overlay-gradient":""},"mobile":{"background-color":"","background-image":"","background-repeat":"repeat","background-position":"center center","background-size":"auto","background-attachment":"scroll","background-type":"","background-media":"","overlay-type":"","overlay-color":"","overlay-opacity":"","overlay-gradient":""}},"ast-content-background-meta":{"desktop":{"background-color":"var(--ast-global-color-5)","background-image":"","background-repeat":"repeat","background-position":"center center","background-size":"auto","background-attachment":"scroll","background-type":"","background-media":"","overlay-type":"","overlay-color":"","overlay-opacity":"","overlay-gradient":""},"tablet":{"background-color":"var(--ast-global-color-5)","background-image":"","background-repeat":"repeat","background-position":"center center","background-size":"auto","background-attachment":"scroll","background-type":"","background-media":"","overlay-type":"","overlay-color":"","overlay-opacity":"","overlay-gradient":""},"mobile":{"background-color":"var(--ast-global-color-5)","background-image":"","background-repeat":"repeat","background-position":"center center","background-size":"auto","background-attachment":"scroll","background-type":"","background-media":"","overlay-type":"","overlay-color":"","overlay-opacity":"","overlay-gradient":""}},"footnotes":""},"class_list":["post-6282","page","type-page","status-publish","hentry"],"yoast_head":"<!-- This site is optimized with the Yoast SEO plugin v27.3 - https:\/\/yoast.com\/product\/yoast-seo-wordpress\/ -->\n<title>S&#039;inscrire | Cr\u00e9er votre compte gratuit | Shine Cleaning<\/title>\n<meta name=\"description\" content=\"Cr\u00e9ez votre compte Shine Cleaning gratuit en 30 secondes - pas besoin de carte de cr\u00e9dit ! Profitez d&#039;un acc\u00e8s facile pour g\u00e9rer vos services de nettoyage \u00e0 domicile \u00e0 Montr\u00e9al.\" \/>\n<meta name=\"robots\" content=\"index, follow, max-snippet:-1, max-image-preview:large, max-video-preview:-1\" \/>\n<link rel=\"canonical\" href=\"https:\/\/bookshine.ca\/fr\/sinscrire\/\" \/>\n<meta property=\"og:locale\" content=\"fr_FR\" \/>\n<meta property=\"og:type\" content=\"article\" \/>\n<meta property=\"og:title\" content=\"S&#039;inscrire | Cr\u00e9er votre compte gratuit | Shine Cleaning\" \/>\n<meta property=\"og:description\" content=\"Cr\u00e9ez votre compte Shine Cleaning gratuit en 30 secondes - pas besoin de carte de cr\u00e9dit ! Profitez d&#039;un acc\u00e8s facile pour g\u00e9rer vos services de nettoyage \u00e0 domicile \u00e0 Montr\u00e9al.\" \/>\n<meta property=\"og:url\" content=\"https:\/\/bookshine.ca\/fr\/sinscrire\/\" \/>\n<meta property=\"og:site_name\" content=\"Shine Cleaning\" \/>\n<meta property=\"article:publisher\" content=\"https:\/\/www.facebook.com\/shinecleaningmtl\/\" \/>\n<meta property=\"article:modified_time\" content=\"2025-06-04T16:48:42+00:00\" \/>\n<meta name=\"twitter:card\" content=\"summary_large_image\" \/>\n<script type=\"application\/ld+json\" class=\"yoast-schema-graph\">{\"@context\":\"https:\\\/\\\/schema.org\",\"@graph\":[{\"@type\":\"WebPage\",\"@id\":\"https:\\\/\\\/bookshine.ca\\\/fr\\\/sinscrire\\\/\",\"url\":\"https:\\\/\\\/bookshine.ca\\\/fr\\\/sinscrire\\\/\",\"name\":\"S'inscrire | Cr\u00e9er votre compte gratuit | Shine Cleaning\",\"isPartOf\":{\"@id\":\"https:\\\/\\\/midnightblue-ostrich-475984.hostingersite.com\\\/#website\"},\"datePublished\":\"2024-05-17T12:32:16+00:00\",\"dateModified\":\"2025-06-04T16:48:42+00:00\",\"description\":\"Cr\u00e9ez votre compte Shine Cleaning gratuit en 30 secondes - pas besoin de carte de cr\u00e9dit ! Profitez d'un acc\u00e8s facile pour g\u00e9rer vos services de nettoyage \u00e0 domicile \u00e0 Montr\u00e9al.\",\"breadcrumb\":{\"@id\":\"https:\\\/\\\/bookshine.ca\\\/fr\\\/sinscrire\\\/#breadcrumb\"},\"inLanguage\":\"fr-FR\",\"potentialAction\":[{\"@type\":\"ReadAction\",\"target\":[\"https:\\\/\\\/bookshine.ca\\\/fr\\\/sinscrire\\\/\"]}]},{\"@type\":\"BreadcrumbList\",\"@id\":\"https:\\\/\\\/bookshine.ca\\\/fr\\\/sinscrire\\\/#breadcrumb\",\"itemListElement\":[{\"@type\":\"ListItem\",\"position\":1,\"name\":\"Home\",\"item\":\"https:\\\/\\\/midnightblue-ostrich-475984.hostingersite.com\\\/\"},{\"@type\":\"ListItem\",\"position\":2,\"name\":\"S&#8217;inscrire\"}]},{\"@type\":\"WebSite\",\"@id\":\"https:\\\/\\\/midnightblue-ostrich-475984.hostingersite.com\\\/#website\",\"url\":\"https:\\\/\\\/midnightblue-ostrich-475984.hostingersite.com\\\/\",\"name\":\"Shine\",\"description\":\"\",\"potentialAction\":[{\"@type\":\"SearchAction\",\"target\":{\"@type\":\"EntryPoint\",\"urlTemplate\":\"https:\\\/\\\/midnightblue-ostrich-475984.hostingersite.com\\\/?s={search_term_string}\"},\"query-input\":{\"@type\":\"PropertyValueSpecification\",\"valueRequired\":true,\"valueName\":\"search_term_string\"}}],\"inLanguage\":\"fr-FR\"}]}<\/script>\n<!-- \/ Yoast SEO plugin. -->","yoast_head_json":{"title":"S'inscrire | Cr\u00e9er votre compte gratuit | Shine Cleaning","description":"Cr\u00e9ez votre compte Shine Cleaning gratuit en 30 secondes - pas besoin de carte de cr\u00e9dit ! Profitez d'un acc\u00e8s facile pour g\u00e9rer vos services de nettoyage \u00e0 domicile \u00e0 Montr\u00e9al.","robots":{"index":"index","follow":"follow","max-snippet":"max-snippet:-1","max-image-preview":"max-image-preview:large","max-video-preview":"max-video-preview:-1"},"canonical":"https:\/\/bookshine.ca\/fr\/sinscrire\/","og_locale":"fr_FR","og_type":"article","og_title":"S'inscrire | Cr\u00e9er votre compte gratuit | Shine Cleaning","og_description":"Cr\u00e9ez votre compte Shine Cleaning gratuit en 30 secondes - pas besoin de carte de cr\u00e9dit ! Profitez d'un acc\u00e8s facile pour g\u00e9rer vos services de nettoyage \u00e0 domicile \u00e0 Montr\u00e9al.","og_url":"https:\/\/bookshine.ca\/fr\/sinscrire\/","og_site_name":"Shine Cleaning","article_publisher":"https:\/\/www.facebook.com\/shinecleaningmtl\/","article_modified_time":"2025-06-04T16:48:42+00:00","twitter_card":"summary_large_image","schema":{"@context":"https:\/\/schema.org","@graph":[{"@type":"WebPage","@id":"https:\/\/bookshine.ca\/fr\/sinscrire\/","url":"https:\/\/bookshine.ca\/fr\/sinscrire\/","name":"S'inscrire | Cr\u00e9er votre compte gratuit | Shine Cleaning","isPartOf":{"@id":"https:\/\/midnightblue-ostrich-475984.hostingersite.com\/#website"},"datePublished":"2024-05-17T12:32:16+00:00","dateModified":"2025-06-04T16:48:42+00:00","description":"Cr\u00e9ez votre compte Shine Cleaning gratuit en 30 secondes - pas besoin de carte de cr\u00e9dit ! Profitez d'un acc\u00e8s facile pour g\u00e9rer vos services de nettoyage \u00e0 domicile \u00e0 Montr\u00e9al.","breadcrumb":{"@id":"https:\/\/bookshine.ca\/fr\/sinscrire\/#breadcrumb"},"inLanguage":"fr-FR","potentialAction":[{"@type":"ReadAction","target":["https:\/\/bookshine.ca\/fr\/sinscrire\/"]}]},{"@type":"BreadcrumbList","@id":"https:\/\/bookshine.ca\/fr\/sinscrire\/#breadcrumb","itemListElement":[{"@type":"ListItem","position":1,"name":"Home","item":"https:\/\/midnightblue-ostrich-475984.hostingersite.com\/"},{"@type":"ListItem","position":2,"name":"S&#8217;inscrire"}]},{"@type":"WebSite","@id":"https:\/\/midnightblue-ostrich-475984.hostingersite.com\/#website","url":"https:\/\/midnightblue-ostrich-475984.hostingersite.com\/","name":"Shine","description":"","potentialAction":[{"@type":"SearchAction","target":{"@type":"EntryPoint","urlTemplate":"https:\/\/midnightblue-ostrich-475984.hostingersite.com\/?s={search_term_string}"},"query-input":{"@type":"PropertyValueSpecification","valueRequired":true,"valueName":"search_term_string"}}],"inLanguage":"fr-FR"}]}},"_links":{"self":[{"href":"https:\/\/bookshine.ca\/fr\/wp-json\/wp\/v2\/pages\/6282","targetHints":{"allow":["GET"]}}],"collection":[{"href":"https:\/\/bookshine.ca\/fr\/wp-json\/wp\/v2\/pages"}],"about":[{"href":"https:\/\/bookshine.ca\/fr\/wp-json\/wp\/v2\/types\/page"}],"author":[{"embeddable":true,"href":"https:\/\/bookshine.ca\/fr\/wp-json\/wp\/v2\/users\/1"}],"replies":[{"embeddable":true,"href":"https:\/\/bookshine.ca\/fr\/wp-json\/wp\/v2\/comments?post=6282"}],"version-history":[{"count":2,"href":"https:\/\/bookshine.ca\/fr\/wp-json\/wp\/v2\/pages\/6282\/revisions"}],"predecessor-version":[{"id":6293,"href":"https:\/\/bookshine.ca\/fr\/wp-json\/wp\/v2\/pages\/6282\/revisions\/6293"}],"wp:attachment":[{"href":"https:\/\/bookshine.ca\/fr\/wp-json\/wp\/v2\/media?parent=6282"}],"curies":[{"name":"wp","href":"https:\/\/api.w.org\/{rel}","templated":true}]}}